{"id":65,"date":"2026-04-14T11:09:04","date_gmt":"2026-04-14T11:09:04","guid":{"rendered":"https:\/\/grupogestionamantes.com\/index.php\/home\/"},"modified":"2026-04-16T12:49:09","modified_gmt":"2026-04-16T12:49:09","slug":"home","status":"publish","type":"page","link":"https:\/\/grupogestionamantes.com\/","title":{"rendered":"Home"},"content":{"rendered":"\t\t<div data-elementor-type=\"wp-page\" data-elementor-id=\"65\" class=\"elementor elementor-65\" data-elementor-post-type=\"page\">\n\t\t\t\t<div class=\"elementor-element elementor-element-6b68ac1a e-con-full e-flex e-con e-parent\" data-id=\"6b68ac1a\" data-element_type=\"container\" data-e-type=\"container\">\n\t\t\t\t<div class=\"elementor-element elementor-element-63b1ac62 elementor-invisible elementor-widget elementor-widget-heading\" data-id=\"63b1ac62\" data-element_type=\"widget\" data-e-type=\"widget\" data-settings=\"{&quot;_animation&quot;:&quot;fadeInUp&quot;}\" data-widget_type=\"heading.default\">\n\t\t\t\t\t<h2 class=\"elementor-heading-title elementor-size-default\">Grupo Gesti\u00f3n Amantes<\/h2>\t\t\t\t<\/div>\n\t\t\t\t<div class=\"elementor-element elementor-element-7c3c2db elementor-widget elementor-widget-heading\" data-id=\"7c3c2db\" data-element_type=\"widget\" data-e-type=\"widget\" data-widget_type=\"heading.default\">\n\t\t\t\t\t<h4 class=\"elementor-heading-title elementor-size-default\">Tu Administraci\u00f3n de Fincas de confianza<br>\nAmantes de tu tranquilidad<br>\nFieles a tu comunidad<\/h4>\t\t\t\t<\/div>\n\t\t\t\t<\/div>\n\t\t<div class=\"elementor-element elementor-element-49d02a24 e-con-full e-flex e-con e-parent\" data-id=\"49d02a24\" data-element_type=\"container\" data-e-type=\"container\" data-settings=\"{&quot;background_background&quot;:&quot;classic&quot;}\">\n\t\t\t\t<div class=\"elementor-element elementor-element-5710d7f elementor-widget elementor-widget-video\" data-id=\"5710d7f\" data-element_type=\"widget\" data-e-type=\"widget\" data-settings=\"{&quot;video_type&quot;:&quot;hosted&quot;,&quot;autoplay&quot;:&quot;yes&quot;,&quot;play_on_mobile&quot;:&quot;yes&quot;,&quot;mute&quot;:&quot;yes&quot;,&quot;loop&quot;:&quot;yes&quot;}\" data-widget_type=\"video.default\">\n\t\t\t\t\t\t\t<div class=\"e-hosted-video elementor-wrapper elementor-open-inline\">\n\t\t\t\t\t<video class=\"elementor-video\" src=\"https:\/\/grupogestionamantes.com\/wp-content\/uploads\/2026\/04\/video.mp4\" autoplay=\"\" loop=\"\" muted=\"muted\" playsinline=\"\" controlsList=\"nodownload\"><\/video>\n\t\t\t\t<\/div>\n\t\t\t\t\t\t<\/div>\n\t\t\t\t<\/div>\n\t\t<div class=\"elementor-element elementor-element-8f63342 e-flex e-con-boxed e-con e-parent\" data-id=\"8f63342\" data-element_type=\"container\" data-e-type=\"container\">\n\t\t\t\t\t<div class=\"e-con-inner\">\n\t\t<div class=\"elementor-element elementor-element-17077c0 e-con-full e-flex e-con e-child\" data-id=\"17077c0\" data-element_type=\"container\" data-e-type=\"container\">\n\t\t\t\t\t\t\t\n\t\t<img class=\"e-image-base \" \n\t\t\t\t\tdata-interaction-id=\"6594d7c\" \n\t\t \n\t\t data-e-type=\"widget\" data-id=\"6594d7c\"\n\t\t\t\t\t\t\t\t\tid=\"295\"\n\t\t\t\t\t\t\t\t\t\t\t\tsrc=\"https:\/\/grupogestionamantes.com\/wp-content\/uploads\/2026\/04\/ChatGPT-Image-16-abr-2026-14_26_26-1.png\"\n\t\t\t\t\t\t\t\t\t\t\t\twidth=\"1024\"\n\t\t\t\t\t\t\t\t\t\t\t\theight=\"1536\"\n\t\t\t\t\t\t\t\t\t\t\t\tsrcset=\"https:\/\/grupogestionamantes.com\/wp-content\/uploads\/2026\/04\/ChatGPT-Image-16-abr-2026-14_26_26-1.png 1024w, https:\/\/grupogestionamantes.com\/wp-content\/uploads\/2026\/04\/ChatGPT-Image-16-abr-2026-14_26_26-1-200x300.png 200w, https:\/\/grupogestionamantes.com\/wp-content\/uploads\/2026\/04\/ChatGPT-Image-16-abr-2026-14_26_26-1-683x1024.png 683w, https:\/\/grupogestionamantes.com\/wp-content\/uploads\/2026\/04\/ChatGPT-Image-16-abr-2026-14_26_26-1-768x1152.png 768w\"\n\t\t\t\t\t\t\t\t\t\t\t\talt=\"\"\n\t\t\t\t\t\t\/>\n\t\t\t\t\t<\/div>\n\t\t<div class=\"elementor-element elementor-element-ba5b4c7 e-con-full e-flex e-con e-child\" data-id=\"ba5b4c7\" data-element_type=\"container\" data-e-type=\"container\">\n\t\t\t\t<div class=\"elementor-element elementor-element-16452f5 elementor-widget elementor-widget-image\" data-id=\"16452f5\" data-element_type=\"widget\" data-e-type=\"widget\" data-widget_type=\"image.default\">\n\t\t\t\t\t\t\t\t\t\t\t\t\t\t\t<img fetchpriority=\"high\" decoding=\"async\" width=\"1024\" height=\"1536\" src=\"https:\/\/grupogestionamantes.com\/wp-content\/uploads\/2026\/04\/casadefinitiva.png\" class=\"attachment-2048x2048 size-2048x2048 wp-image-300\" alt=\"\" srcset=\"https:\/\/grupogestionamantes.com\/wp-content\/uploads\/2026\/04\/casadefinitiva.png 1024w, https:\/\/grupogestionamantes.com\/wp-content\/uploads\/2026\/04\/casadefinitiva-200x300.png 200w, https:\/\/grupogestionamantes.com\/wp-content\/uploads\/2026\/04\/casadefinitiva-683x1024.png 683w, https:\/\/grupogestionamantes.com\/wp-content\/uploads\/2026\/04\/casadefinitiva-768x1152.png 768w\" sizes=\"(max-width: 1024px) 100vw, 1024px\" \/>\t\t\t\t\t\t\t\t\t\t\t\t\t\t\t<\/div>\n\t\t\t\t<\/div>\n\t\t<div class=\"elementor-element elementor-element-e616688 e-con-full e-flex e-con e-child\" data-id=\"e616688\" data-element_type=\"container\" data-e-type=\"container\">\n\t\t\t\t<\/div>\n\t\t<div class=\"elementor-element elementor-element-e7be2b8 e-con-full e-flex e-con e-child\" data-id=\"e7be2b8\" data-element_type=\"container\" data-e-type=\"container\">\n\t\t\t\t<\/div>\n\t\t\t\t\t<\/div>\n\t\t\t\t<\/div>\n\t\t\t\t<\/div>\n\t\t","protected":false},"excerpt":{"rendered":"<p>Grupo Gesti\u00f3n Amantes Tu Administraci\u00f3n de Fincas de confianza Amantes de tu tranquilidad Fieles a tu comunidad https:\/\/grupogestionamantes.com\/wp-content\/uploads\/2026\/04\/video.mp4<\/p>\n","protected":false},"author":1,"featured_media":79,"parent":0,"menu_order":0,"comment_status":"closed","ping_status":"closed","template":"elementor_header_footer","meta":{"footnotes":""},"class_list":["post-65","page","type-page","status-publish","has-post-thumbnail","hentry"],"yoast_head":"<!-- This site is optimized with the Yoast SEO plugin v27.4 - https:\/\/yoast.com\/product\/yoast-seo-wordpress\/ -->\n<title>Home - Grupo Gesti\u00f3n Amantes<\/title>\n<meta name=\"robots\" content=\"index, follow, max-snippet:-1, max-image-preview:large, max-video-preview:-1\" \/>\n<link rel=\"canonical\" href=\"https:\/\/grupogestionamantes.com\/\" \/>\n<meta property=\"og:locale\" content=\"es_ES\" \/>\n<meta property=\"og:type\" content=\"article\" \/>\n<meta property=\"og:title\" content=\"Home - Grupo Gesti\u00f3n Amantes\" \/>\n<meta property=\"og:description\" content=\"Grupo Gesti\u00f3n Amantes Tu Administraci\u00f3n de Fincas de confianza Amantes de tu tranquilidad Fieles a tu comunidad https:\/\/grupogestionamantes.com\/wp-content\/uploads\/2026\/04\/video.mp4\" \/>\n<meta property=\"og:url\" content=\"https:\/\/grupogestionamantes.com\/\" \/>\n<meta property=\"og:site_name\" content=\"Grupo Gesti\u00f3n Amantes\" \/>\n<meta property=\"article:modified_time\" content=\"2026-04-16T12:49:09+00:00\" \/>\n<meta property=\"og:image\" content=\"https:\/\/grupogestionamantes.com\/wp-content\/uploads\/2026\/04\/Law-Firm-Home.jpg\" \/>\n\t<meta property=\"og:image:width\" content=\"400\" \/>\n\t<meta property=\"og:image:height\" content=\"380\" \/>\n\t<meta property=\"og:image:type\" content=\"image\/jpeg\" \/>\n<meta name=\"twitter:card\" content=\"summary_large_image\" \/>\n<meta name=\"twitter:label1\" content=\"Tiempo de lectura\" \/>\n\t<meta name=\"twitter:data1\" content=\"1 minuto\" \/>\n<script type=\"application\/ld+json\" class=\"yoast-schema-graph\">{\"@context\":\"https:\\\/\\\/schema.org\",\"@graph\":[{\"@type\":\"WebPage\",\"@id\":\"https:\\\/\\\/grupogestionamantes.com\\\/\",\"url\":\"https:\\\/\\\/grupogestionamantes.com\\\/\",\"name\":\"Home - Grupo Gesti\u00f3n Amantes\",\"isPartOf\":{\"@id\":\"https:\\\/\\\/grupogestionamantes.com\\\/#website\"},\"primaryImageOfPage\":{\"@id\":\"https:\\\/\\\/grupogestionamantes.com\\\/#primaryimage\"},\"image\":{\"@id\":\"https:\\\/\\\/grupogestionamantes.com\\\/#primaryimage\"},\"thumbnailUrl\":\"https:\\\/\\\/grupogestionamantes.com\\\/wp-content\\\/uploads\\\/2026\\\/04\\\/Law-Firm-Home.jpg\",\"datePublished\":\"2026-04-14T11:09:04+00:00\",\"dateModified\":\"2026-04-16T12:49:09+00:00\",\"breadcrumb\":{\"@id\":\"https:\\\/\\\/grupogestionamantes.com\\\/#breadcrumb\"},\"inLanguage\":\"es\",\"potentialAction\":[{\"@type\":\"ReadAction\",\"target\":[\"https:\\\/\\\/grupogestionamantes.com\\\/\"]}]},{\"@type\":\"ImageObject\",\"inLanguage\":\"es\",\"@id\":\"https:\\\/\\\/grupogestionamantes.com\\\/#primaryimage\",\"url\":\"https:\\\/\\\/grupogestionamantes.com\\\/wp-content\\\/uploads\\\/2026\\\/04\\\/Law-Firm-Home.jpg\",\"contentUrl\":\"https:\\\/\\\/grupogestionamantes.com\\\/wp-content\\\/uploads\\\/2026\\\/04\\\/Law-Firm-Home.jpg\",\"width\":400,\"height\":380},{\"@type\":\"BreadcrumbList\",\"@id\":\"https:\\\/\\\/grupogestionamantes.com\\\/#breadcrumb\",\"itemListElement\":[{\"@type\":\"ListItem\",\"position\":1,\"name\":\"Portada\",\"item\":\"https:\\\/\\\/grupogestionamantes.com\\\/\"},{\"@type\":\"ListItem\",\"position\":2,\"name\":\"Home\"}]},{\"@type\":\"WebSite\",\"@id\":\"https:\\\/\\\/grupogestionamantes.com\\\/#website\",\"url\":\"https:\\\/\\\/grupogestionamantes.com\\\/\",\"name\":\"Grupo Gesti\u00f3n Amantes\",\"description\":\"\",\"publisher\":{\"@id\":\"https:\\\/\\\/grupogestionamantes.com\\\/#organization\"},\"potentialAction\":[{\"@type\":\"SearchAction\",\"target\":{\"@type\":\"EntryPoint\",\"urlTemplate\":\"https:\\\/\\\/grupogestionamantes.com\\\/?s={search_term_string}\"},\"query-input\":{\"@type\":\"PropertyValueSpecification\",\"valueRequired\":true,\"valueName\":\"search_term_string\"}}],\"inLanguage\":\"es\"},{\"@type\":\"Organization\",\"@id\":\"https:\\\/\\\/grupogestionamantes.com\\\/#organization\",\"name\":\"Grupo Gesti\u00f3n Amantes\",\"url\":\"https:\\\/\\\/grupogestionamantes.com\\\/\",\"logo\":{\"@type\":\"ImageObject\",\"inLanguage\":\"es\",\"@id\":\"https:\\\/\\\/grupogestionamantes.com\\\/#\\\/schema\\\/logo\\\/image\\\/\",\"url\":\"https:\\\/\\\/grupogestionamantes.com\\\/wp-content\\\/uploads\\\/2026\\\/04\\\/logo_transparente.png\",\"contentUrl\":\"https:\\\/\\\/grupogestionamantes.com\\\/wp-content\\\/uploads\\\/2026\\\/04\\\/logo_transparente.png\",\"width\":1146,\"height\":256,\"caption\":\"Grupo Gesti\u00f3n Amantes\"},\"image\":{\"@id\":\"https:\\\/\\\/grupogestionamantes.com\\\/#\\\/schema\\\/logo\\\/image\\\/\"}}]}<\/script>\n<!-- \/ Yoast SEO plugin. -->","yoast_head_json":{"title":"Home - Grupo Gesti\u00f3n Amantes","robots":{"index":"index","follow":"follow","max-snippet":"max-snippet:-1","max-image-preview":"max-image-preview:large","max-video-preview":"max-video-preview:-1"},"canonical":"https:\/\/grupogestionamantes.com\/","og_locale":"es_ES","og_type":"article","og_title":"Home - Grupo Gesti\u00f3n Amantes","og_description":"Grupo Gesti\u00f3n Amantes Tu Administraci\u00f3n de Fincas de confianza Amantes de tu tranquilidad Fieles a tu comunidad https:\/\/grupogestionamantes.com\/wp-content\/uploads\/2026\/04\/video.mp4","og_url":"https:\/\/grupogestionamantes.com\/","og_site_name":"Grupo Gesti\u00f3n Amantes","article_modified_time":"2026-04-16T12:49:09+00:00","og_image":[{"width":400,"height":380,"url":"https:\/\/grupogestionamantes.com\/wp-content\/uploads\/2026\/04\/Law-Firm-Home.jpg","type":"image\/jpeg"}],"twitter_card":"summary_large_image","twitter_misc":{"Tiempo de lectura":"1 minuto"},"schema":{"@context":"https:\/\/schema.org","@graph":[{"@type":"WebPage","@id":"https:\/\/grupogestionamantes.com\/","url":"https:\/\/grupogestionamantes.com\/","name":"Home - Grupo Gesti\u00f3n Amantes","isPartOf":{"@id":"https:\/\/grupogestionamantes.com\/#website"},"primaryImageOfPage":{"@id":"https:\/\/grupogestionamantes.com\/#primaryimage"},"image":{"@id":"https:\/\/grupogestionamantes.com\/#primaryimage"},"thumbnailUrl":"https:\/\/grupogestionamantes.com\/wp-content\/uploads\/2026\/04\/Law-Firm-Home.jpg","datePublished":"2026-04-14T11:09:04+00:00","dateModified":"2026-04-16T12:49:09+00:00","breadcrumb":{"@id":"https:\/\/grupogestionamantes.com\/#breadcrumb"},"inLanguage":"es","potentialAction":[{"@type":"ReadAction","target":["https:\/\/grupogestionamantes.com\/"]}]},{"@type":"ImageObject","inLanguage":"es","@id":"https:\/\/grupogestionamantes.com\/#primaryimage","url":"https:\/\/grupogestionamantes.com\/wp-content\/uploads\/2026\/04\/Law-Firm-Home.jpg","contentUrl":"https:\/\/grupogestionamantes.com\/wp-content\/uploads\/2026\/04\/Law-Firm-Home.jpg","width":400,"height":380},{"@type":"BreadcrumbList","@id":"https:\/\/grupogestionamantes.com\/#breadcrumb","itemListElement":[{"@type":"ListItem","position":1,"name":"Portada","item":"https:\/\/grupogestionamantes.com\/"},{"@type":"ListItem","position":2,"name":"Home"}]},{"@type":"WebSite","@id":"https:\/\/grupogestionamantes.com\/#website","url":"https:\/\/grupogestionamantes.com\/","name":"Grupo Gesti\u00f3n Amantes","description":"","publisher":{"@id":"https:\/\/grupogestionamantes.com\/#organization"},"potentialAction":[{"@type":"SearchAction","target":{"@type":"EntryPoint","urlTemplate":"https:\/\/grupogestionamantes.com\/?s={search_term_string}"},"query-input":{"@type":"PropertyValueSpecification","valueRequired":true,"valueName":"search_term_string"}}],"inLanguage":"es"},{"@type":"Organization","@id":"https:\/\/grupogestionamantes.com\/#organization","name":"Grupo Gesti\u00f3n Amantes","url":"https:\/\/grupogestionamantes.com\/","logo":{"@type":"ImageObject","inLanguage":"es","@id":"https:\/\/grupogestionamantes.com\/#\/schema\/logo\/image\/","url":"https:\/\/grupogestionamantes.com\/wp-content\/uploads\/2026\/04\/logo_transparente.png","contentUrl":"https:\/\/grupogestionamantes.com\/wp-content\/uploads\/2026\/04\/logo_transparente.png","width":1146,"height":256,"caption":"Grupo Gesti\u00f3n Amantes"},"image":{"@id":"https:\/\/grupogestionamantes.com\/#\/schema\/logo\/image\/"}}]}},"_links":{"self":[{"href":"https:\/\/grupogestionamantes.com\/index.php\/wp-json\/wp\/v2\/pages\/65","targetHints":{"allow":["GET"]}}],"collection":[{"href":"https:\/\/grupogestionamantes.com\/index.php\/wp-json\/wp\/v2\/pages"}],"about":[{"href":"https:\/\/grupogestionamantes.com\/index.php\/wp-json\/wp\/v2\/types\/page"}],"author":[{"embeddable":true,"href":"https:\/\/grupogestionamantes.com\/index.php\/wp-json\/wp\/v2\/users\/1"}],"replies":[{"embeddable":true,"href":"https:\/\/grupogestionamantes.com\/index.php\/wp-json\/wp\/v2\/comments?post=65"}],"version-history":[{"count":96,"href":"https:\/\/grupogestionamantes.com\/index.php\/wp-json\/wp\/v2\/pages\/65\/revisions"}],"predecessor-version":[{"id":303,"href":"https:\/\/grupogestionamantes.com\/index.php\/wp-json\/wp\/v2\/pages\/65\/revisions\/303"}],"wp:featuredmedia":[{"embeddable":true,"href":"https:\/\/grupogestionamantes.com\/index.php\/wp-json\/wp\/v2\/media\/79"}],"wp:attachment":[{"href":"https:\/\/grupogestionamantes.com\/index.php\/wp-json\/wp\/v2\/media?parent=65"}],"curies":[{"name":"wp","href":"https:\/\/api.w.org\/{rel}","templated":true}]}}